{"id":1939,"date":"2025-02-16T18:17:22","date_gmt":"2025-02-16T15:17:22","guid":{"rendered":"https:\/\/seadmd.com\/corporate\/cookie-policy\/"},"modified":"2025-03-29T17:56:42","modified_gmt":"2025-03-29T14:56:42","slug":"cookie-policy","status":"publish","type":"page","link":"https:\/\/seadmd.com\/en\/corporate\/cookie-policy\/","title":{"rendered":"Cookie Policy"},"content":{"rendered":"<p><div class=\"fusion-fullwidth fullwidth-box fusion-builder-row-1 fusion-flex-container has-pattern-background has-mask-background nonhundred-percent-fullwidth non-hundred-percent-height-scrolling\" style=\"--awb-border-radius-top-left:0px;--awb-border-radius-top-right:0px;--awb-border-radius-bottom-right:0px;--awb-border-radius-bottom-left:0px;--awb-padding-top:44px;--awb-padding-bottom:45px;--awb-padding-top-small:45px;--awb-padding-bottom-small:44px;--awb-background-image:linear-gradient(180deg, hsla(var(--awb-custom_color_2-h),var(--awb-custom_color_2-s),var(--awb-custom_color_2-l),calc(var(--awb-custom_color_2-a) - 70%)) 0%,hsla(var(--awb-custom_color_2-h),var(--awb-custom_color_2-s),var(--awb-custom_color_2-l),calc(var(--awb-custom_color_2-a) - 70%)) 100%);--awb-flex-wrap:wrap;\" ><div class=\"fusion-builder-row fusion-row fusion-flex-align-items-flex-start fusion-flex-content-wrap\" style=\"max-width:1248px;margin-left: calc(-4% \/ 2 );margin-right: calc(-4% \/ 2 );\"><div class=\"fusion-layout-column fusion_builder_column fusion-builder-column-0 fusion_builder_column_1_1 1_1 fusion-flex-column fusion-animated\" style=\"--awb-bg-size:cover;--awb-width-large:100%;--awb-margin-top-large:0px;--awb-spacing-right-large:1.92%;--awb-margin-bottom-large:0px;--awb-spacing-left-large:1.92%;--awb-width-medium:100%;--awb-order-medium:0;--awb-spacing-right-medium:1.92%;--awb-spacing-left-medium:1.92%;--awb-width-small:100%;--awb-order-small:0;--awb-spacing-right-small:1.92%;--awb-spacing-left-small:1.92%;\" data-animationType=\"fadeInUp\" data-animationDuration=\"1.3\" data-animationOffset=\"top-into-view\"><div class=\"fusion-column-wrapper fusion-column-has-shadow fusion-flex-justify-content-flex-start fusion-content-layout-column\"><nav class=\"fusion-breadcrumbs fusion-breadcrumbs-1\" style=\"--awb-alignment:center;--awb-font-size:18px;--awb-breadcrumb-sep:&#039;\/&#039;;text-align:center;\" aria-label=\"Breadcrumb\"><ol class=\"awb-breadcrumb-list\"><li class=\"fusion-breadcrumb-item awb-breadcrumb-sep\" ><a href=\"https:\/\/seadmd.com\/en\/\" class=\"fusion-breadcrumb-link\"><span >Home<\/span><\/a><\/li><\/ol><\/nav><div class=\"fusion-title title fusion-title-1 fusion-sep-none fusion-title-center fusion-title-text fusion-title-size-one\" style=\"--awb-margin-top:0px;--awb-margin-bottom:10px;--awb-font-size:60px;\"><h1 class=\"fusion-title-heading title-heading-center\" style=\"margin:0;font-size:1em;\">Cookie Policy<\/h1><\/div><\/div><\/div><\/div><\/div><div class=\"fusion-fullwidth fullwidth-box fusion-builder-row-2 fusion-flex-container has-pattern-background has-mask-background nonhundred-percent-fullwidth non-hundred-percent-height-scrolling\" style=\"--awb-border-sizes-bottom:2px;--awb-border-color:hsla(var(--awb-color8-h),var(--awb-color8-s),var(--awb-color8-l),calc(var(--awb-color8-a) - 95%));--awb-border-radius-top-left:0px;--awb-border-radius-top-right:0px;--awb-border-radius-bottom-right:0px;--awb-border-radius-bottom-left:0px;--awb-padding-top:41px;--awb-padding-bottom:45px;--awb-padding-top-medium:90px;--awb-padding-bottom-medium:90px;--awb-padding-top-small:41px;--awb-padding-bottom-small:40px;--awb-margin-bottom:0px;--awb-margin-bottom-medium:90px;--awb-margin-bottom-small:0px;--awb-flex-wrap:wrap;\" ><div class=\"fusion-builder-row fusion-row fusion-flex-align-items-flex-start fusion-flex-content-wrap\" style=\"max-width:calc( 1200px + 70px );margin-left: calc(-70px \/ 2 );margin-right: calc(-70px \/ 2 );\"><div class=\"fusion-layout-column fusion_builder_column fusion-builder-column-1 fusion_builder_column_1_1 1_1 fusion-flex-column\" style=\"--awb-bg-size:cover;--awb-width-large:100%;--awb-margin-top-large:0px;--awb-spacing-right-large:35px;--awb-margin-bottom-large:45px;--awb-spacing-left-large:35px;--awb-width-medium:100%;--awb-order-medium:0;--awb-spacing-right-medium:35px;--awb-spacing-left-medium:35px;--awb-width-small:100%;--awb-order-small:0;--awb-spacing-right-small:35px;--awb-margin-bottom-small:0px;--awb-spacing-left-small:35px;\"><div class=\"fusion-column-wrapper fusion-column-has-shadow fusion-flex-justify-content-flex-start fusion-content-layout-column\"><div class=\"fusion-text fusion-text-1 icerik1\" style=\"--awb-font-size:18px;--awb-line-height:22px;--awb-text-font-family:&quot;serenity&quot;;--awb-text-font-style:normal;--awb-text-font-weight:300;\"><p><strong>SEA D\u0130ZAYN M\u00dcHEND\u0130SL\u0130K DANI\u015eMANLIK SANAY\u0130 VE T\u0130CARET L\u0130M\u0130TED \u015e\u0130RKET\u0130<\/strong>&nbsp;(referred to as the \u201cCompany\u201d or \u201cseadmd.com\u201d), we take the privacy of our users who visit our website and the protection of their personal data with great importance. This Cookie Policy has been prepared to inform you about the types and purposes of cookies used on our website and how you can manage these cookies. <\/p>\n<p>Cookies are small text files that are saved on your device through your browser when you visit our website. These files are used for various purposes, such as making our website work more efficiently, improving the user experience and remembering certain information about you. Cookies do not collect personal data or directly identify you, but may collect information about your device through your browser.  <\/p>\n<ol>\n<li><strong>Types and Purposes of Cookies<br \/><\/strong>The cookies used on our website can be classified as follows according to their functions and duration of use:\n<ul>\n<li><strong>Mandatory Cookies<br \/><\/strong>These cookies are essential for the basic functions of our website to work. For example, secure login, shopping cart transactions or saving user preferences are made possible by these cookies. It is not possible for our website to function properly without essential cookies.  <\/li>\n<li><strong>Performance and Analysis Cookies<br \/><\/strong>These cookies are used to analyze the performance of our website and improve user experience. For example, information such as which pages are visited more, how users navigate through the site or error messages are collected through these cookies. This data is used to make our website more user-friendly.  <\/li>\n<li><strong>Functionality Cookies<br \/><\/strong>These cookies are used to remember user preferences and provide a personalized experience. For example, information such as your language preference or region is saved through these cookies and you will be presented with relevant content on your next visit. <\/li>\n<li><strong>Targeting and Advertising Cookies<br \/><\/strong>These cookies are used to provide advertisements tailored to users&#8217; interests. For example, the advertisements you see on other sites after visiting our website are made possible by these cookies. These cookies are usually placed by third party advertising networks.  <\/li>\n<\/ul>\n<\/li>\n<li><strong>Cookie Storage Period<br \/><\/strong>Cookies may be stored on your device for different periods of time depending on their intended use. Session cookies are automatically deleted when you close your browser, while persistent cookies remain on your device for a certain period of time. This period may vary depending on the type and purpose of the cookie.  <\/li>\n<li><strong>Managing Your Cookie Preferences<br \/><\/strong>When you visit our website, you will see an information banner regarding the use of cookies. You can manage your cookie preferences through this banner and choose which types of cookies you will allow. You can also block or delete cookies using your browser settings. However, please note that some functions of our website may not function properly if you disable mandatory cookies.   <\/li>\n<li><strong>Third Party Cookies<br \/><\/strong>Our website also uses cookies placed by third party service providers such as Google Analytics. These cookies are used to analyze user behavior and optimize advertising campaigns. The use of third-party cookies is subject to the privacy policies of the relevant service providers.  <\/li>\n<li><strong>Protection of Personal Data<br \/><\/strong>As SEA D\u0130ZAYN M\u00dcHEND\u0130SL\u0130K M\u00dcHEND\u0130SL\u0130K DANI\u015eMANLIK SANAY\u0130 VE T\u0130CARET L\u0130M\u0130TED \u015e\u0130RKET\u0130, we take the necessary technical and administrative measures to ensure the security of your personal data within the scope of the Personal Data Protection Law No. 6698 (KVKK). Data collected through cookies are used only for the purposes specified in this policy and are not shared with third parties. <\/li>\n<li><strong>Policy Updates<br \/><\/strong>This Cookie Policy reflects our current practices regarding the use of cookies on our website. The Policy may be updated when necessary. Updates take effect on the date they are published on our website. Therefore, we recommend that you review our Cookie Policy regularly.   <\/li>\n<li><strong>Contact<br \/><\/strong>If you have any questions or feedback regarding cookies or our privacy practices, you can contact us at <a href=\"mailto:info@seadmd.com\"><strong>info@seadmd.com<\/strong><\/a><\/li>\n<\/ol>\n<\/div><\/div><\/div><\/div><\/div><div class=\"fusion-fullwidth fullwidth-box fusion-builder-row-3 fusion-flex-container has-pattern-background has-mask-background nonhundred-percent-fullwidth non-hundred-percent-height-scrolling\" style=\"--awb-border-radius-top-left:0px;--awb-border-radius-top-right:0px;--awb-border-radius-bottom-right:0px;--awb-border-radius-bottom-left:0px;--awb-padding-top:6%;--awb-padding-bottom:5%;--awb-padding-top-small:90.33590000000001px;--awb-padding-bottom-small:90.9453px;--awb-background-color:var(--awb-custom_color_1);--awb-flex-wrap:wrap;\" ><div class=\"fusion-builder-row fusion-row fusion-flex-align-items-center fusion-flex-justify-content-space-between fusion-flex-content-wrap\" style=\"max-width:1248px;margin-left: calc(-4% \/ 2 );margin-right: calc(-4% \/ 2 );\"><div class=\"fusion-layout-column fusion_builder_column fusion-builder-column-2 fusion_builder_column_1_3 1_3 fusion-flex-column\" style=\"--awb-bg-size:cover;--awb-width-large:33.333333333333%;--awb-margin-top-large:0px;--awb-spacing-right-large:5.76%;--awb-margin-bottom-large:0px;--awb-spacing-left-large:5.76%;--awb-width-medium:33.333333333333%;--awb-order-medium:0;--awb-spacing-right-medium:5.76%;--awb-spacing-left-medium:5.76%;--awb-width-small:60%;--awb-order-small:0;--awb-spacing-right-small:3.2%;--awb-spacing-left-small:3.2%;\"><div class=\"fusion-column-wrapper fusion-column-has-shadow fusion-flex-justify-content-flex-start fusion-content-layout-column\"><div class=\"fusion-image-element \" style=\"--awb-max-width:30%;--awb-caption-title-font-family:var(--h2_typography-font-family);--awb-caption-title-font-weight:var(--h2_typography-font-weight);--awb-caption-title-font-style:var(--h2_typography-font-style);--awb-caption-title-size:var(--h2_typography-font-size);--awb-caption-title-transform:var(--h2_typography-text-transform);--awb-caption-title-line-height:var(--h2_typography-line-height);--awb-caption-title-letter-spacing:var(--h2_typography-letter-spacing);\"><span class=\" fusion-imageframe imageframe-none imageframe-1 hover-type-none\"><img decoding=\"async\" width=\"593\" height=\"322\" alt=\"SEA Design Logo Beyaz\" title=\"seadmd-beyaz-logo\" src=\"data:image\/svg+xml,%3Csvg%20xmlns%3D%27http%3A%2F%2Fwww.w3.org%2F2000%2Fsvg%27%20width%3D%27593%27%20height%3D%27322%27%20viewBox%3D%270%200%20593%20322%27%3E%3Crect%20width%3D%27593%27%20height%3D%27322%27%20fill-opacity%3D%220%22%2F%3E%3C%2Fsvg%3E\" data-orig-src=\"https:\/\/seadmd.com\/wp-content\/uploads\/2025\/01\/seadmd-beyaz-logo.svg\" class=\"lazyload img-responsive wp-image-1638\"\/><\/span><\/div><\/div><\/div><div class=\"fusion-layout-column fusion_builder_column fusion-builder-column-3 fusion_builder_column_1_3 1_3 fusion-flex-column\" style=\"--awb-bg-size:cover;--awb-width-large:33.333333333333%;--awb-margin-top-large:0px;--awb-spacing-right-large:5.76%;--awb-margin-bottom-large:0px;--awb-spacing-left-large:5.76%;--awb-width-medium:33.333333333333%;--awb-order-medium:0;--awb-spacing-right-medium:5.76%;--awb-spacing-left-medium:5.76%;--awb-width-small:40%;--awb-order-small:0;--awb-spacing-right-small:4.8%;--awb-spacing-left-small:4.8%;\"><div class=\"fusion-column-wrapper fusion-column-has-shadow fusion-flex-justify-content-flex-start fusion-content-layout-column\"><div class=\"fusion-social-links fusion-social-links-1\" style=\"--awb-margin-top:0px;--awb-margin-right:0px;--awb-margin-bottom:0px;--awb-margin-left:0px;--awb-alignment:right;--awb-box-border-top:0px;--awb-box-border-right:0px;--awb-box-border-bottom:0px;--awb-box-border-left:0px;--awb-icon-colors-hover:var(--awb-color4);--awb-box-colors-hover:var(--awb-color1);--awb-box-border-color:var(--awb-color3);--awb-box-border-color-hover:var(--awb-color4);\"><div class=\"fusion-social-networks color-type-custom\"><div class=\"fusion-social-networks-wrapper\"><a class=\"fusion-social-network-icon fusion-tooltip fusion-instagram awb-icon-instagram\" style=\"color:var(--awb-color1);font-size:25px;\" data-placement=\"top\" data-title=\"Instagram\" data-toggle=\"tooltip\" title=\"Instagram\" aria-label=\"instagram\" target=\"_blank\" rel=\"noopener noreferrer\" href=\"https:\/\/www.instagram.com\/seadesignmuh\/\"><\/a><\/div><\/div><\/div><\/div><\/div><div class=\"fusion-layout-column fusion_builder_column fusion-builder-column-4 fusion_builder_column_1_1 1_1 fusion-flex-column\" style=\"--awb-bg-size:cover;--awb-width-large:100%;--awb-margin-top-large:3%;--awb-spacing-right-large:1.92%;--awb-margin-bottom-large:3%;--awb-spacing-left-large:1.92%;--awb-width-medium:100%;--awb-order-medium:0;--awb-spacing-right-medium:1.92%;--awb-spacing-left-medium:1.92%;--awb-width-small:100%;--awb-order-small:0;--awb-spacing-right-small:1.92%;--awb-spacing-left-small:1.92%;\"><div class=\"fusion-column-wrapper fusion-column-has-shadow fusion-flex-justify-content-flex-start fusion-content-layout-column\"><div class=\"awb-gallery-wrapper awb-gallery-wrapper-1 button-span-no\" style=\"--more-btn-alignment:center;\"><div style=\"margin:-5px;--awb-aspect-ratio:1 \/ 1;--awb-bordersize:0px;--awb-bordercolor:var(--awb-custom_color_2);\" class=\"fusion-gallery fusion-gallery-container fusion-grid-3 fusion-columns-total-3 fusion-gallery-layout-grid fusion-gallery-1 img1 has-aspect-ratio\" id=\"img1\"><div style=\"padding:5px;\" class=\"fusion-grid-column fusion-gallery-column fusion-gallery-column-3 hover-type-none\"><div class=\"fusion-gallery-image\"><a href=\"https:\/\/www.instagram.com\/seadesignmuh\/p\/DEPXi9asxgQ\/\" rel=\"noreferrer\" data-rel=\"iLightbox[gallery_image_1]\" class=\"fusion-lightbox\" target=\"_blank\"><img decoding=\"async\" src=\"https:\/\/seadmd.com\/wp-content\/uploads\/2025\/01\/ig-post-1-460x295.webp\" width=\"460\" height=\"295\" alt=\"\" title=\"ig-post-1\" aria-label=\"ig-post-1\" class=\"img-responsive wp-image-971 fusion-gallery-image-size-fixed\"  \/><\/a><\/div><\/div><div style=\"padding:5px;\" class=\"fusion-grid-column fusion-gallery-column fusion-gallery-column-3 hover-type-none\"><div class=\"fusion-gallery-image\"><a href=\"https:\/\/www.instagram.com\/seadesignmuh\/p\/DDkxqSJss2r\/?img_index=1\" rel=\"noreferrer\" data-rel=\"iLightbox[gallery_image_1]\" class=\"fusion-lightbox\" target=\"_blank\"><img decoding=\"async\" src=\"https:\/\/seadmd.com\/wp-content\/uploads\/2025\/01\/ig-post-2-460x295.webp\" width=\"460\" height=\"295\" alt=\"\" title=\"ig-post-2\" aria-label=\"ig-post-2\" class=\"img-responsive wp-image-970 fusion-gallery-image-size-fixed\"  \/><\/a><\/div><\/div><div style=\"padding:5px;\" class=\"fusion-grid-column fusion-gallery-column fusion-gallery-column-3 hover-type-none\"><div class=\"fusion-gallery-image\"><a href=\"https:\/\/www.instagram.com\/p\/DDku4u9sCrN\/?img_index=1\" rel=\"noreferrer\" data-rel=\"iLightbox[gallery_image_1]\" class=\"fusion-lightbox\" target=\"_blank\"><img decoding=\"async\" src=\"https:\/\/seadmd.com\/wp-content\/uploads\/2025\/01\/ig-post-3-460x295.webp\" width=\"460\" height=\"295\" alt=\"\" title=\"ig-post-3\" aria-label=\"ig-post-3\" class=\"img-responsive wp-image-969 fusion-gallery-image-size-fixed\"  \/><\/a><\/div><\/div><div class=\"clearfix\"><\/div><\/div><\/div><\/div><\/div><div class=\"fusion-layout-column fusion_builder_column fusion-builder-column-5 fusion_builder_column_1_1 1_1 fusion-flex-column\" style=\"--awb-bg-size:cover;--awb-width-large:100%;--awb-margin-top-large:0%;--awb-spacing-right-large:1.92%;--awb-margin-bottom-large:0%;--awb-spacing-left-large:1.92%;--awb-width-medium:100%;--awb-order-medium:0;--awb-spacing-right-medium:1.92%;--awb-spacing-left-medium:1.92%;--awb-width-small:100%;--awb-order-small:0;--awb-spacing-right-small:1.92%;--awb-spacing-left-small:1.92%;\"><div class=\"fusion-column-wrapper fusion-column-has-shadow fusion-flex-justify-content-flex-start fusion-content-layout-column\"><div style=\"text-align:center;\"><a class=\"fusion-button button-flat button-xlarge button-default fusion-button-default button-1 fusion-button-default-span fusion-button-default-type\" target=\"_self\" href=\"https:\/\/www.instagram.com\/seadesignmuh\/\"><i class=\"fa-instagram fab button-icon-left\" aria-hidden=\"true\"><\/i><span class=\"fusion-button-text\">Bizi Takip Edin<\/span><\/a><\/div><\/div><\/div><\/div><\/div>\n<\/p>\n","protected":false},"excerpt":{"rendered":"","protected":false},"author":1,"featured_media":0,"parent":1879,"menu_order":0,"comment_status":"closed","ping_status":"closed","template":"100-width.php","meta":{"_acf_changed":false,"footnotes":""},"class_list":["post-1939","page","type-page","status-publish","hentry"],"acf":[],"_links":{"self":[{"href":"https:\/\/seadmd.com\/en\/wp-json\/wp\/v2\/pages\/1939","targetHints":{"allow":["GET"]}}],"collection":[{"href":"https:\/\/seadmd.com\/en\/wp-json\/wp\/v2\/pages"}],"about":[{"href":"https:\/\/seadmd.com\/en\/wp-json\/wp\/v2\/types\/page"}],"author":[{"embeddable":true,"href":"https:\/\/seadmd.com\/en\/wp-json\/wp\/v2\/users\/1"}],"replies":[{"embeddable":true,"href":"https:\/\/seadmd.com\/en\/wp-json\/wp\/v2\/comments?post=1939"}],"version-history":[{"count":0,"href":"https:\/\/seadmd.com\/en\/wp-json\/wp\/v2\/pages\/1939\/revisions"}],"up":[{"embeddable":true,"href":"https:\/\/seadmd.com\/en\/wp-json\/wp\/v2\/pages\/1879"}],"wp:attachment":[{"href":"https:\/\/seadmd.com\/en\/wp-json\/wp\/v2\/media?parent=1939"}],"curies":[{"name":"wp","href":"https:\/\/api.w.org\/{rel}","templated":true}]}}